{"id":329,"date":"2023-04-26T17:40:52","date_gmt":"2023-04-26T17:40:52","guid":{"rendered":"https:\/\/djam.biola.edu\/triunfo\/?page_id=329"},"modified":"2023-05-01T07:00:32","modified_gmt":"2023-05-01T07:00:32","slug":"profile-mothers-daughters","status":"publish","type":"page","link":"https:\/\/djam.biola.edu\/triunfo\/index.php\/profile-mothers-daughters\/","title":{"rendered":"Profile: Griselda &#038; Carolina"},"content":{"rendered":"\n<h2 class=\"wp-block-heading has-text-align-center has-medium-plus-font-size\">Dreams for the Generations<\/h2>\n\n\n\n<p class=\"has-text-align-center has-small-plus-font-size\"><strong>Words and photos by Dalet Valles<\/strong><\/p>\n\n\n\n<figure class=\"wp-block-image size-large\"><img loading=\"lazy\" decoding=\"async\" width=\"1024\" height=\"683\" src=\"https:\/\/djam.biola.edu\/triunfo\/wp-content\/uploads\/2023\/05\/IMG_4549-1024x683.jpg\" alt=\"\" class=\"wp-image-878\" srcset=\"https:\/\/djam.biola.edu\/triunfo\/wp-content\/uploads\/2023\/05\/IMG_4549-1024x683.jpg 1024w, https:\/\/djam.biola.edu\/triunfo\/wp-content\/uploads\/2023\/05\/IMG_4549-300x200.jpg 300w, https:\/\/djam.biola.edu\/triunfo\/wp-content\/uploads\/2023\/05\/IMG_4549-768x512.jpg 768w, https:\/\/djam.biola.edu\/triunfo\/wp-content\/uploads\/2023\/05\/IMG_4549-1536x1024.jpg 1536w, https:\/\/djam.biola.edu\/triunfo\/wp-content\/uploads\/2023\/05\/IMG_4549-2048x1365.jpg 2048w\" sizes=\"auto, (max-width: 1024px) 100vw, 1024px\" \/><\/figure>\n\n\n\n<blockquote class=\"wp-block-quote is-layout-flow wp-block-quote-is-layout-flow\">\n<p>Long live the rose that grew from concrete when no one else even cared.<\/p>\n<cite>Tupac Shakur<\/cite><\/blockquote>\n\n\n\n<p>People work toward a dream that is so highly advertised in the land of the free yet unattainable for a majority of the inhabitants of that land. A mother comes to the United States to seek a better life for herself. What she did not expect is that the dream would pass on to the next generation \u2014 that the dream would be given to her daughter. The sacrifice of crossing the border and putting her life at risk yet only reaping the benefits through the opportunities granted to her daughter. This is the gap between generations that Latina mothers and daughters face.&nbsp;<\/p>\n\n\n\n<p>Latinas are alike in culture but different in many ways. A mother with brown skin and curly black and white hair hair was born and raised in Nayarit, Mexico. A daughter with ivory skin and brown and blonde curly hair born in Reno, Nevada and raised in Los Angeles, California. Griselda Tizcare\u00f1o, 49 years old, and her daughter, 25-year-old Carolina Tizcare\u00f1o Alattore, have journeyed different paths in the land that many immigrants consider the nation of opportunities.&nbsp;<\/p>\n\n\n\n<p>Tizcare\u00f1o first arrived in the United States at the age of 22. Two years later, she had her daughter Tizcare\u00f1o Alattore. Now, Tizcare\u00f1o Alattore, at the age of 25, has a different path compared to her mother. The lives of first-generation Latina mothers and second-generation American-Latina daughters are both commonalities but differences.&nbsp;<\/p>\n\n\n\n<p>At 22, Tizcare\u00f1o crossed the border into the United States with false documentation. The journey was prompted as a necessity to find a better lifestyle and opportunities. As an undocumented immigrant, she depended heavily on family connections she already had in the U.S. to get her by.\u00a0<\/p>\n\n\n\n<figure class=\"wp-block-image size-large\"><img loading=\"lazy\" decoding=\"async\" width=\"1024\" height=\"683\" src=\"https:\/\/djam.biola.edu\/triunfo\/wp-content\/uploads\/2023\/05\/IMG_4565-1024x683.jpg\" alt=\"\" class=\"wp-image-886\" srcset=\"https:\/\/djam.biola.edu\/triunfo\/wp-content\/uploads\/2023\/05\/IMG_4565-1024x683.jpg 1024w, https:\/\/djam.biola.edu\/triunfo\/wp-content\/uploads\/2023\/05\/IMG_4565-300x200.jpg 300w, https:\/\/djam.biola.edu\/triunfo\/wp-content\/uploads\/2023\/05\/IMG_4565-768x512.jpg 768w, https:\/\/djam.biola.edu\/triunfo\/wp-content\/uploads\/2023\/05\/IMG_4565-1536x1024.jpg 1536w, https:\/\/djam.biola.edu\/triunfo\/wp-content\/uploads\/2023\/05\/IMG_4565-2048x1365.jpg 2048w\" sizes=\"auto, (max-width: 1024px) 100vw, 1024px\" \/><figcaption class=\"wp-element-caption\">Griselda Tizcare\u00f1o<\/figcaption><\/figure>\n\n\n\n<p>\u201cMy cousin worked at a Mexican restaurant so when I arrived I was able to get my first job there,\u201d she said.&nbsp;<\/p>\n\n\n\n<p>Tizcare\u00f1o was able to communicate with the staff because of their shared language. However, when it came time to speak to customers, she struggled to get by with the little English she knew.&nbsp;<\/p>\n\n\n\n<p>\u201cIt was difficult for me,\u201d Tizcare\u00f1o said. \u201c[The customers] asked for a spoon and I did not know. The language was a struggle for me. I knew what customers wanted when they asked for a plate, but when they asked for a bowl, I didn\u2019t know.\u201d&nbsp;<\/p>\n\n\n\n<p>Now, Tizcare\u00f1o has advanced in her English and has even attained her residency. Despite not being fluent in English, she is now able to communicate better. Comparing her arrival to her time in the U.S. now, Tizcare\u00f1o has noted that she is able to attain better opportunities because of her legal status.&nbsp;<\/p>\n\n\n\n<p>\u201cThe change of my legal status does make employment easier,\u201d Tizcare\u00f1o said. \u201cIt is easier to get a job and it is easier to get a better job.\u201d&nbsp;<\/p>\n\n\n\n<p>Even as a legal resident and learning the language, the opportunities are still limited. Tizcare\u00f1o, like many others, entered the U.S. seeking a better life, better opportunities, and ultimately seeking the American dream. The opportunities, however, have passed on to the next generation. Tizcare\u00f1o is able to see the better life within her daughters life as she motivated her to pursue higher education and careers. She is able to see the marks of opportunities shaping her daughters life.&nbsp;<\/p>\n\n\n\n<p>For many American-Latinas, there are many identifying factors. For Tizcare\u00f1o Alattore, that is being a first-generation college student and a second-generation Latina, also known as a Latina born to immigrant parents. Despite these identifiers, Tizcare\u00f1o Alattore has struggled within her own culture and within her own generation.&nbsp;<\/p>\n\n\n\n<p>Tizcare\u00f1o Alattore received her bachelor\u2019s degree from the University of California, San Diego, but her journey to this and other opportunities came with many obstacles. Attaining her success now, both in her career and education, did not come without struggle; did not come without sacrifices made by her and her mother.<\/p>\n\n\n<div style=\"; ; ; ; --text-blend-mode:normal; \">\n<figure class=\"wp-block-gallery aligncenter has-nested-images columns-default is-cropped wp-block-gallery-1 is-layout-flex wp-block-gallery-is-layout-flex\">\n<figure class=\"wp-block-image size-large\"><img loading=\"lazy\" decoding=\"async\" width=\"683\" height=\"1024\" data-id=\"883\" src=\"https:\/\/djam.biola.edu\/triunfo\/wp-content\/uploads\/2023\/05\/IMG_4550-683x1024.jpg\" alt=\"\" class=\"wp-image-883\" srcset=\"https:\/\/djam.biola.edu\/triunfo\/wp-content\/uploads\/2023\/05\/IMG_4550-683x1024.jpg 683w, https:\/\/djam.biola.edu\/triunfo\/wp-content\/uploads\/2023\/05\/IMG_4550-200x300.jpg 200w, https:\/\/djam.biola.edu\/triunfo\/wp-content\/uploads\/2023\/05\/IMG_4550-768x1152.jpg 768w, https:\/\/djam.biola.edu\/triunfo\/wp-content\/uploads\/2023\/05\/IMG_4550-1024x1536.jpg 1024w, https:\/\/djam.biola.edu\/triunfo\/wp-content\/uploads\/2023\/05\/IMG_4550-1365x2048.jpg 1365w, https:\/\/djam.biola.edu\/triunfo\/wp-content\/uploads\/2023\/05\/IMG_4550-scaled.jpg 1707w\" sizes=\"auto, (max-width: 683px) 100vw, 683px\" \/><figcaption class=\"wp-element-caption\">Carolina Tizcare\u00f1o Alattore<\/figcaption><\/figure>\n\n\n\n<figure class=\"wp-block-image size-large\"><img loading=\"lazy\" decoding=\"async\" width=\"683\" height=\"1024\" data-id=\"893\" src=\"https:\/\/djam.biola.edu\/triunfo\/wp-content\/uploads\/2023\/05\/IMG_4614-683x1024.jpg\" alt=\"\" class=\"wp-image-893\" srcset=\"https:\/\/djam.biola.edu\/triunfo\/wp-content\/uploads\/2023\/05\/IMG_4614-683x1024.jpg 683w, https:\/\/djam.biola.edu\/triunfo\/wp-content\/uploads\/2023\/05\/IMG_4614-200x300.jpg 200w, https:\/\/djam.biola.edu\/triunfo\/wp-content\/uploads\/2023\/05\/IMG_4614-768x1152.jpg 768w, https:\/\/djam.biola.edu\/triunfo\/wp-content\/uploads\/2023\/05\/IMG_4614-1024x1536.jpg 1024w, https:\/\/djam.biola.edu\/triunfo\/wp-content\/uploads\/2023\/05\/IMG_4614-1365x2048.jpg 1365w, https:\/\/djam.biola.edu\/triunfo\/wp-content\/uploads\/2023\/05\/IMG_4614-scaled.jpg 1707w\" sizes=\"auto, (max-width: 683px) 100vw, 683px\" \/><\/figure>\n<\/figure>\n<\/div>\n\n\n<p>\u201cIt helped me a lot that, early on, she told me that she wanted to go to college and that it was not going to be local,\u201d Tizcare\u00f1o said. \u201cSince her high school freshman year, she was in a program that allowed her to experience college. She prepared herself and myself in this transition.\u201d&nbsp;<\/p>\n\n\n\n<p>Tizcare\u00f1o Alattore graduated from Jordan High school in Long Beach, C.A. as valedictorian and went on to a four-year research based university. During her time in college, Tizcare\u00f1o Alattore struggled with fitting in as a Latina in a predominantly White institution. However, she was presented with barriers long before she made the transition.&nbsp;<\/p>\n\n\n\n<p>\u201cIt takes a lot more for me to get these opportunities because I am Mexican-American,\u201d Tizcare\u00f1o Alattore said. \u201cIn high school, I had to work twice as hard as anybody else and same in college. I realized that I didn\u2019t come from similar backgrounds as some kids in terms of economically and where I lived. I don\u2019t live in a house and financially it is not the same. That is one of the barriers that has made it hard to get opportunities. The access to resources for my parents is now translating to me because they didn\u2019t know about things. It would be easier if I had parents who knew.\u201d&nbsp;<\/p>\n\n\n\n<p>Tizcare\u00f1o Alattore, like many children of immigrant parents, have had to learn by themselves things that are common knowledge to many. Filling out financial aid was a struggle, even the task of applying to college was new and confusing. Yet, for the children of immigrant parents, translating in certain scenarios and helping parents with documentation is their normal.&nbsp;<\/p>\n\n\n\n<p>&nbsp;\u201cWith academics, it was hard because I always had to figure things out on my own or having to translate at school conferences and having to do certain paper work now for my parents,\u201d Tizcare\u00f1o Alattore said.&nbsp;<\/p>\n\n\n\n<p>Now that Tizcare\u00f1o Alattore is 25, she expresses her struggle in understanding credit, assets, and property because it is not something that her parents were familiar with. \u201cYou hear others talk about assets, properties, and credit, but that is something I am still learning about. That is a barrier towards getting opportunities,\u201d she said.<\/p>\n\n\n\n<p>As difficult as that may be for her, she still worked toward advancing academically and professionally. Tizcare\u00f1o Alattore is the first in her family to attend and graduate college and overcame the struggles presented to her in the transition. She faced a culture shock in college but found community in a Latina sorority and a Bible study group for Latinos. She does not call it her sob story, as many college students call it, but rather the reality of her life.&nbsp;<\/p>\n\n\n\n<p>When she committed to UCSD, she did not realize that there was an immigration check point in order to get to campus, which changed her happiness of her success to fear. She worried about the possibility of her mother getting deported when visiting her. Though her mother could not be by her side on her academic journey, Tizcare\u00f1o Alattore credits a lot of her success and opportunities to her mother.&nbsp;<\/p>\n\n\n\n<p>\u201cShe always encouraged me in whatever I wanted to do so that has always helped me,\u201d Tizcare\u00f1o Alattore said. \u201cShe was a stay at home mom for a long time so just her being present in my school activities or conferences has helped me too. When I was away at college, she did remind me why I was there and always pushed me to get to the next step. She still does that now and I wouldn\u2019t have been able to be successful if it wasn\u2019t for that. She just grounds me. I think her dedicating so much of her life to my brother and I really does show in my success.\u201d\u00a0<\/p>\n\n\n\n<figure class=\"wp-block-image size-large\"><img loading=\"lazy\" decoding=\"async\" width=\"1024\" height=\"683\" src=\"https:\/\/djam.biola.edu\/triunfo\/wp-content\/uploads\/2023\/05\/IMG_4602.0jpeg-1024x683.jpg\" alt=\"\" class=\"wp-image-896\" srcset=\"https:\/\/djam.biola.edu\/triunfo\/wp-content\/uploads\/2023\/05\/IMG_4602.0jpeg-1024x683.jpg 1024w, https:\/\/djam.biola.edu\/triunfo\/wp-content\/uploads\/2023\/05\/IMG_4602.0jpeg-300x200.jpg 300w, https:\/\/djam.biola.edu\/triunfo\/wp-content\/uploads\/2023\/05\/IMG_4602.0jpeg-768x512.jpg 768w, https:\/\/djam.biola.edu\/triunfo\/wp-content\/uploads\/2023\/05\/IMG_4602.0jpeg-1536x1024.jpg 1536w, https:\/\/djam.biola.edu\/triunfo\/wp-content\/uploads\/2023\/05\/IMG_4602.0jpeg-2048x1365.jpg 2048w\" sizes=\"auto, (max-width: 1024px) 100vw, 1024px\" \/><\/figure>\n\n\n\n<p>From an early age, Tizcare\u00f1o was involved in advancing Tizcare\u00f1o Alattore\u2019s success. This first started by teaching her how to read, speak, and write Spanish which has now helped her in her academic and career pursuit.&nbsp;<\/p>\n\n\n\n<p>Tizcare\u00f1o Alattore is currently working toward attaining her teaching credential and is gaining experience through working with school nearby. She has faced some highs and lows in this journey. She shared that she has faced challenges with a coworker because of her background.&nbsp;<\/p>\n\n\n\n<p>\u201cI\u2019ve been feeling culture shock recently in my job because the students there are predominantly white; the staff there is predominantly white,\u201d she said. \u201cMy first week there, I was facing staff doubting me and I just had to use my identity to set my foot down and say \u2018Yes, even though I am not the same as you all, I still belong here.\u2019\u201d<\/p>\n\n\n\n<p>Tizcare\u00f1o Alattore explained that her experience brought on judgement and stereotypes common to a Latina. Her university education and knowledge were being questioned.&nbsp;<\/p>\n\n\n\n<p>\u201cHearing all of that from one person in a short amount of time is very hurtful because you are like, \u201cThis is America,\u201d and it is 15 minutes away from home which is why I have been very shocked,\u201d Tizcare\u00f1o Alattore said. \u201cBefore, I would have been crying about it but now I put my foot down. I put my foot down, but I had to do it in a way that is not stereotypical.\u201d&nbsp;<\/p>\n\n\n\n<p>Despite being judged for her background, Tizcare\u00f1o Alattore has been able to use it to her advantage. She is passionate about serving the community by utilizing her background as a Latina. Being able to read, speak, and write in Spanish has given her an upper hand when it comes to job opportunities.&nbsp;<\/p>\n\n\n\n<p>Tizcare\u00f1o Alattore is currently studying at the California State University, Long Beach to receive her credential in Special Education and Teaching. She plans to enter a masters program in the near future and is considering a pursuit for her doctorate degree.&nbsp;<\/p>\n\n\n\n<p>\u201cMy advice is to keep going until she reaches her goal,\u201d Tizcare\u00f1o said. \u201cI know that she puts in the work and that with the help of God she will reach it. Hopefully, in the next year she graduates.\u201d\u00a0<\/p>\n\n\n\n<figure class=\"wp-block-image aligncenter size-large\"><img loading=\"lazy\" decoding=\"async\" width=\"1024\" height=\"772\" src=\"https:\/\/djam.biola.edu\/triunfo\/wp-content\/uploads\/2023\/05\/IMG_4540-1024x772.jpg\" alt=\"\" class=\"wp-image-897\" srcset=\"https:\/\/djam.biola.edu\/triunfo\/wp-content\/uploads\/2023\/05\/IMG_4540-1024x772.jpg 1024w, https:\/\/djam.biola.edu\/triunfo\/wp-content\/uploads\/2023\/05\/IMG_4540-300x226.jpg 300w, https:\/\/djam.biola.edu\/triunfo\/wp-content\/uploads\/2023\/05\/IMG_4540-768x579.jpg 768w, https:\/\/djam.biola.edu\/triunfo\/wp-content\/uploads\/2023\/05\/IMG_4540-1536x1157.jpg 1536w, https:\/\/djam.biola.edu\/triunfo\/wp-content\/uploads\/2023\/05\/IMG_4540-2048x1543.jpg 2048w\" sizes=\"auto, (max-width: 1024px) 100vw, 1024px\" \/><\/figure>\n\n\n\n<p>When asked about defying the odds, Tizcare\u00f1o Alattore said, \u201cThe rose that grew from concrete. I just feel like that\u2019s what being a Latina in the U.S. is like. There is just so many barriers that are almost impossible to overcome whether it\u2019s finances, generational trauma, language barriers, all of those things that makes it hard to grow and stem out. However, there are a lot of Latinas who do overcome these obstacles. It is possible to be successful as a Latina in America. Never give up your identity even if society tells you you don\u2019t belong. It is okay to take up space in the places where you are not supposed to take up space.\u201d&nbsp;<\/p>\n\n\n\n<p>Tizcare\u00f1o, a woman from Nayarit, Mexico, has gifted her daughter a better life. Despite the barriers, stereotypes, and judgement placed upon both of them, the pursuit of the dream for opportunities has continued to grow beyond the generational gap.&nbsp;<\/p>\n","protected":false},"excerpt":{"rendered":"<p>Dreams for the Generations Words and photos by Dalet Valles Long live the rose that grew from concrete when no one else even cared. Tupac Shakur People work toward a dream that is so highly advertised in the land of the free yet unattainable for a majority of the inhabitants of that land. A mother [&hellip;]<\/p>\n","protected":false},"author":6,"featured_media":0,"parent":0,"menu_order":0,"comment_status":"closed","ping_status":"closed","template":"","meta":{"om_disable_all_campaigns":false,"_mi_skip_tracking":false,"footnotes":""},"class_list":["post-329","page","type-page","status-publish","hentry"],"aioseo_notices":[],"_links":{"self":[{"href":"https:\/\/djam.biola.edu\/triunfo\/index.php\/wp-json\/wp\/v2\/pages\/329","targetHints":{"allow":["GET"]}}],"collection":[{"href":"https:\/\/djam.biola.edu\/triunfo\/index.php\/wp-json\/wp\/v2\/pages"}],"about":[{"href":"https:\/\/djam.biola.edu\/triunfo\/index.php\/wp-json\/wp\/v2\/types\/page"}],"author":[{"embeddable":true,"href":"https:\/\/djam.biola.edu\/triunfo\/index.php\/wp-json\/wp\/v2\/users\/6"}],"replies":[{"embeddable":true,"href":"https:\/\/djam.biola.edu\/triunfo\/index.php\/wp-json\/wp\/v2\/comments?post=329"}],"version-history":[{"count":8,"href":"https:\/\/djam.biola.edu\/triunfo\/index.php\/wp-json\/wp\/v2\/pages\/329\/revisions"}],"predecessor-version":[{"id":898,"href":"https:\/\/djam.biola.edu\/triunfo\/index.php\/wp-json\/wp\/v2\/pages\/329\/revisions\/898"}],"wp:attachment":[{"href":"https:\/\/djam.biola.edu\/triunfo\/index.php\/wp-json\/wp\/v2\/media?parent=329"}],"curies":[{"name":"wp","href":"https:\/\/api.w.org\/{rel}","templated":true}]}}